{"id":14,"date":"2024-07-10T11:02:14","date_gmt":"2024-07-10T09:02:14","guid":{"rendered":"https:\/\/audreyceramique.fr\/?page_id=14"},"modified":"2025-12-15T22:50:15","modified_gmt":"2025-12-15T21:50:15","slug":"a-propos","status":"publish","type":"page","link":"https:\/\/audreyceramique.fr\/?page_id=14","title":{"rendered":"A propos"},"content":{"rendered":"\n<div class=\"wp-block-group alignwide has-global-padding is-layout-constrained wp-block-group-is-layout-constrained\">\n<p>Un cours dans l\u2019atelier d\u2019une poti\u00e8re bruxelloise a suffi \u00e0 m\u2019attacher d\u00e9finitivement au travail de la terre. Le premier contact a \u00e9t\u00e9 comme une r\u00e9v\u00e9lation, ce sera le premier jour du reste de ma vie\u2026<\/p>\n\n\n\n<p>J\u2019entame alors des ateliers, des stages et une ann\u00e9e de formation au \u00ab Cours des M\u00e9tiers d\u2019Arts du Hainaut \u00bb (Belgique). En parall\u00e8le, le besoin de retrouver la nature et les terres de mon enfance m\u2019am\u00e8ne \u00e0 d\u00e9m\u00e9nager en Dordogne. C\u2019est une toute nouvelle histoire que j\u2019\u00e9cris en installant mon atelier \u00e0 Sarlat-la-Can\u00e9da.<\/p>\n\n\n\n<p>J&rsquo;imagine et je cr\u00e9e des objets de d\u00e9coration et des objets utilitaires en Gr\u00e8s (cuisson haute temp\u00e9rature 1260\u00b0). J&rsquo;utilise diff\u00e9rentes techniques de modelage (colombin et pincement) et un travail \u00e0 la plaque (par assemblage). Je propose des couleurs sobres et naturelles, nuances de vert, c\u00e9ladon et beige en fabriquant mes engobes et \u00e9maux. Mes pi\u00e8ces sont inspir\u00e9es de mes voyages et de la nature environnante.<\/p>\n\n\n\n<p>J\u2019\u00e9tire, je pince, je mod\u00e8le, j\u2019estampe, toute technique laissant la trace du geste, m\u00e9moire de l\u2019empreinte.<\/p>\n\n\n\n<p>L\u2019important pour moi est de faire d\u2019un moment quotidien un moment unique, d\u2019un objet utile un objet plaisir.<\/p>\n<\/div>\n\n\n\n<figure class=\"wp-block-image size-full\"><img loading=\"lazy\" decoding=\"async\" width=\"720\" height=\"720\" src=\"https:\/\/audreyceramique.fr\/wp-content\/uploads\/2024\/09\/wam.jpg\" alt=\"\" class=\"wp-image-51\" srcset=\"https:\/\/audreyceramique.fr\/wp-content\/uploads\/2024\/09\/wam.jpg 720w, https:\/\/audreyceramique.fr\/wp-content\/uploads\/2024\/09\/wam-300x300.jpg 300w, https:\/\/audreyceramique.fr\/wp-content\/uploads\/2024\/09\/wam-150x150.jpg 150w\" sizes=\"auto, (max-width: 720px) 100vw, 720px\" \/><\/figure>\n","protected":false},"excerpt":{"rendered":"<p>Un cours dans l\u2019atelier d\u2019une poti\u00e8re bruxelloise a suffi \u00e0 m\u2019attacher d\u00e9finitivement au travail de la terre. Le premier contact a \u00e9t\u00e9 comme une r\u00e9v\u00e9lation, ce sera le premier jour du reste de ma vie\u2026 J\u2019entame alors des ateliers, des stages et une ann\u00e9e de formation au \u00ab Cours des M\u00e9tiers d\u2019Arts du Hainaut \u00bb [&hellip;]<\/p>\n","protected":false},"author":1,"featured_media":0,"parent":0,"menu_order":0,"comment_status":"closed","ping_status":"closed","template":"","meta":{"footnotes":""},"class_list":["post-14","page","type-page","status-publish","hentry"],"_links":{"self":[{"href":"https:\/\/audreyceramique.fr\/index.php?rest_route=\/wp\/v2\/pages\/14","targetHints":{"allow":["GET"]}}],"collection":[{"href":"https:\/\/audreyceramique.fr\/index.php?rest_route=\/wp\/v2\/pages"}],"about":[{"href":"https:\/\/audreyceramique.fr\/index.php?rest_route=\/wp\/v2\/types\/page"}],"author":[{"embeddable":true,"href":"https:\/\/audreyceramique.fr\/index.php?rest_route=\/wp\/v2\/users\/1"}],"replies":[{"embeddable":true,"href":"https:\/\/audreyceramique.fr\/index.php?rest_route=%2Fwp%2Fv2%2Fcomments&post=14"}],"version-history":[{"count":10,"href":"https:\/\/audreyceramique.fr\/index.php?rest_route=\/wp\/v2\/pages\/14\/revisions"}],"predecessor-version":[{"id":227,"href":"https:\/\/audreyceramique.fr\/index.php?rest_route=\/wp\/v2\/pages\/14\/revisions\/227"}],"wp:attachment":[{"href":"https:\/\/audreyceramique.fr\/index.php?rest_route=%2Fwp%2Fv2%2Fmedia&parent=14"}],"curies":[{"name":"wp","href":"https:\/\/api.w.org\/{rel}","templated":true}]}}